{"id":160,"date":"2024-06-14T18:28:54","date_gmt":"2024-06-14T16:28:54","guid":{"rendered":"https:\/\/akwa-hin-douala.ms2.decms.eu\/mentions-legales\/"},"modified":"2024-10-25T15:59:35","modified_gmt":"2024-10-25T13:59:35","slug":"legal-notice","status":"publish","type":"page","link":"https:\/\/www.hotelakwahin.com\/en\/legal-notice\/","title":{"rendered":"Legal Notice"},"content":{"rendered":"<p><strong>Propri\u00e9t\u00e9 et responsabilit\u00e9 \u00e9ditoriale :<\/strong> SOGEAC SA<\/p>\n<p>Adresse : Rue Pau, BP : 294 Douala &#8211; Cameroun<\/p>\n<p>E-mail : contact@hotelakwahin.com<\/p>\n<p>RCCM N\u00b0 DLA\/2013\/B\/2547<\/p>\n<p>Identifiant fiscal (NIU) : M081512435875N<\/p>\n<p><strong>H\u00e9bergement :<\/strong><br \/>\nWPEngine, Inc.<br \/>\nIrongate House, 22-30 Duke\u2019s Place<br \/>\nLondon, EC3A 7LP, United Kingdom<br \/>\nPhone: 08 00 50 53 049<\/p>\n<p><strong>Conception et r\u00e9alisation<\/strong> :<br \/>\n<a href=\"https:\/\/www.d-edge.com\" rel=\"noopener\" target=\"_blank\">D-EDGE<\/a> \u2013 D-EDGE SAS<br \/>\n64-66 Rue des Archives \u2013 75003 Paris \u2013 France<br \/>\n+33(0)1 44 71 04 35<\/p>\n","protected":false},"excerpt":{"rendered":"<p>Propri\u00e9t\u00e9 et responsabilit\u00e9 \u00e9ditoriale : SOGEAC SA Adresse : Rue Pau, BP : 294 Douala &#8211; Cameroun E-mail : contact@hotelakwahin.com RCCM N\u00b0 DLA\/2013\/B\/2547 Identifiant fiscal (NIU) : M081512435875N H\u00e9bergement : WPEngine, Inc. Irongate House, 22-30 Duke\u2019s Place London, EC3A 7LP, United Kingdom Phone: 08 00 50 53 049 Conception et r\u00e9alisation : D-EDGE \u2013 D-EDGE [&hellip;]<\/p>\n","protected":false},"author":25,"featured_media":0,"parent":0,"menu_order":0,"comment_status":"closed","ping_status":"closed","template":"","meta":{"footnotes":""},"yoast_head":"<!-- This site is optimized with the Yoast SEO plugin v22.3 - https:\/\/yoast.com\/wordpress\/plugins\/seo\/ -->\n<title>Hotel AKWA HIN Douala - Cameroon Legal Notice<\/title>\n<meta name=\"description\" content=\"Read the legal notice of AKWA HIN Hotel in Douala. Find important information about our terms of use and privacy policy.\" \/>\n<meta name=\"robots\" content=\"index, follow, max-snippet:-1, max-image-preview:large, max-video-preview:-1\" \/>\n<link rel=\"canonical\" href=\"https:\/\/www.hotelakwahin.com\/en\/legal-notice\/\" \/>\n<meta property=\"og:locale\" content=\"en_US\" \/>\n<meta property=\"og:type\" content=\"article\" \/>\n<meta property=\"og:title\" content=\"Hotel AKWA HIN Douala - Cameroon Legal Notice\" \/>\n<meta property=\"og:description\" content=\"Read the legal notice of AKWA HIN Hotel in Douala. Find important information about our terms of use and privacy policy.\" \/>\n<meta property=\"og:url\" content=\"https:\/\/www.hotelakwahin.com\/en\/legal-notice\/\" \/>\n<meta property=\"og:site_name\" content=\"Akwa Hin Douala\" \/>\n<meta property=\"article:modified_time\" content=\"2024-10-25T13:59:35+00:00\" \/>\n<meta name=\"twitter:card\" content=\"summary_large_image\" \/>\n<meta name=\"twitter:label1\" content=\"Est. reading time\" \/>\n\t<meta name=\"twitter:data1\" content=\"1 minute\" \/>\n<script type=\"application\/ld+json\" class=\"yoast-schema-graph\">{\"@context\":\"https:\/\/schema.org\",\"@graph\":[{\"@type\":\"WebPage\",\"@id\":\"https:\/\/www.hotelakwahin.com\/en\/legal-notice\/\",\"url\":\"https:\/\/www.hotelakwahin.com\/en\/legal-notice\/\",\"name\":\"Hotel AKWA HIN Douala - Cameroon Legal Notice\",\"isPartOf\":{\"@id\":\"https:\/\/www.hotelakwahin.com\/en\/#website\"},\"datePublished\":\"2024-06-14T16:28:54+00:00\",\"dateModified\":\"2024-10-25T13:59:35+00:00\",\"description\":\"Read the legal notice of AKWA HIN Hotel in Douala. Find important information about our terms of use and privacy policy.\",\"breadcrumb\":{\"@id\":\"https:\/\/www.hotelakwahin.com\/en\/legal-notice\/#breadcrumb\"},\"inLanguage\":\"en-US\",\"potentialAction\":[{\"@type\":\"ReadAction\",\"target\":[\"https:\/\/www.hotelakwahin.com\/en\/legal-notice\/\"]}]},{\"@type\":\"BreadcrumbList\",\"@id\":\"https:\/\/www.hotelakwahin.com\/en\/legal-notice\/#breadcrumb\",\"itemListElement\":[{\"@type\":\"ListItem\",\"position\":1,\"name\":\"Accueil\",\"item\":\"https:\/\/www.hotelakwahin.com\/en\/\"},{\"@type\":\"ListItem\",\"position\":2,\"name\":\"Legal Notice\"}]},{\"@type\":\"WebSite\",\"@id\":\"https:\/\/www.hotelakwahin.com\/en\/#website\",\"url\":\"https:\/\/www.hotelakwahin.com\/en\/\",\"name\":\"Akwa Hin Douala\",\"description\":\"\",\"potentialAction\":[{\"@type\":\"SearchAction\",\"target\":{\"@type\":\"EntryPoint\",\"urlTemplate\":\"https:\/\/www.hotelakwahin.com\/en\/?s={search_term_string}\"},\"query-input\":\"required name=search_term_string\"}],\"inLanguage\":\"en-US\"}]}<\/script>\n<!-- \/ Yoast SEO plugin. -->","yoast_head_json":{"title":"Hotel AKWA HIN Douala - Cameroon Legal Notice","description":"Read the legal notice of AKWA HIN Hotel in Douala. Find important information about our terms of use and privacy policy.","robots":{"index":"index","follow":"follow","max-snippet":"max-snippet:-1","max-image-preview":"max-image-preview:large","max-video-preview":"max-video-preview:-1"},"canonical":"https:\/\/www.hotelakwahin.com\/en\/legal-notice\/","og_locale":"en_US","og_type":"article","og_title":"Hotel AKWA HIN Douala - Cameroon Legal Notice","og_description":"Read the legal notice of AKWA HIN Hotel in Douala. Find important information about our terms of use and privacy policy.","og_url":"https:\/\/www.hotelakwahin.com\/en\/legal-notice\/","og_site_name":"Akwa Hin Douala","article_modified_time":"2024-10-25T13:59:35+00:00","twitter_card":"summary_large_image","twitter_misc":{"Est. reading time":"1 minute"},"schema":{"@context":"https:\/\/schema.org","@graph":[{"@type":"WebPage","@id":"https:\/\/www.hotelakwahin.com\/en\/legal-notice\/","url":"https:\/\/www.hotelakwahin.com\/en\/legal-notice\/","name":"Hotel AKWA HIN Douala - Cameroon Legal Notice","isPartOf":{"@id":"https:\/\/www.hotelakwahin.com\/en\/#website"},"datePublished":"2024-06-14T16:28:54+00:00","dateModified":"2024-10-25T13:59:35+00:00","description":"Read the legal notice of AKWA HIN Hotel in Douala. Find important information about our terms of use and privacy policy.","breadcrumb":{"@id":"https:\/\/www.hotelakwahin.com\/en\/legal-notice\/#breadcrumb"},"inLanguage":"en-US","potentialAction":[{"@type":"ReadAction","target":["https:\/\/www.hotelakwahin.com\/en\/legal-notice\/"]}]},{"@type":"BreadcrumbList","@id":"https:\/\/www.hotelakwahin.com\/en\/legal-notice\/#breadcrumb","itemListElement":[{"@type":"ListItem","position":1,"name":"Accueil","item":"https:\/\/www.hotelakwahin.com\/en\/"},{"@type":"ListItem","position":2,"name":"Legal Notice"}]},{"@type":"WebSite","@id":"https:\/\/www.hotelakwahin.com\/en\/#website","url":"https:\/\/www.hotelakwahin.com\/en\/","name":"Akwa Hin Douala","description":"","potentialAction":[{"@type":"SearchAction","target":{"@type":"EntryPoint","urlTemplate":"https:\/\/www.hotelakwahin.com\/en\/?s={search_term_string}"},"query-input":"required name=search_term_string"}],"inLanguage":"en-US"}]}},"acf":[],"_links":{"self":[{"href":"https:\/\/www.hotelakwahin.com\/en\/wp-json\/wp\/v2\/pages\/160"}],"collection":[{"href":"https:\/\/www.hotelakwahin.com\/en\/wp-json\/wp\/v2\/pages"}],"about":[{"href":"https:\/\/www.hotelakwahin.com\/en\/wp-json\/wp\/v2\/types\/page"}],"author":[{"embeddable":true,"href":"https:\/\/www.hotelakwahin.com\/en\/wp-json\/wp\/v2\/users\/25"}],"replies":[{"embeddable":true,"href":"https:\/\/www.hotelakwahin.com\/en\/wp-json\/wp\/v2\/comments?post=160"}],"version-history":[{"count":0,"href":"https:\/\/www.hotelakwahin.com\/en\/wp-json\/wp\/v2\/pages\/160\/revisions"}],"wp:attachment":[{"href":"https:\/\/www.hotelakwahin.com\/en\/wp-json\/wp\/v2\/media?parent=160"}],"curies":[{"name":"wp","href":"https:\/\/api.w.org\/{rel}","templated":true}]}}